{"id":24,"date":"2021-06-02T12:46:57","date_gmt":"2021-06-02T10:46:57","guid":{"rendered":"http:\/\/www.cieptalcars.com\/?page_id=24"},"modified":"2024-07-29T14:59:28","modified_gmt":"2024-07-29T12:59:28","slug":"maintenance-vehicule","status":"publish","type":"page","link":"https:\/\/www.cieptalcars.com\/index.php\/maintenance-vehicule\/","title":{"rendered":"Maintenance v\u00e9hicule"},"content":{"rendered":"\t\t<div data-elementor-type=\"wp-page\" data-elementor-id=\"24\" class=\"elementor elementor-24\">\n\t\t\t\t\t\t<section class=\"elementor-section elementor-top-section elementor-element elementor-element-e580982 elementor-section-boxed elementor-section-height-default elementor-section-height-default\" data-id=\"e580982\" data-element_type=\"section\" data-e-type=\"section\">\n\t\t\t\t\t\t<div class=\"elementor-container elementor-column-gap-default\">\n\t\t\t\t\t<div class=\"elementor-column elementor-col-100 elementor-top-column elementor-element elementor-element-e397ae0\" data-id=\"e397ae0\" data-element_type=\"column\" data-e-type=\"column\">\n\t\t\t<div class=\"elementor-widget-wrap elementor-element-populated\">\n\t\t\t\t\t\t<div class=\"elementor-element elementor-element-0dac381 elementor-widget elementor-widget-heading\" data-id=\"0dac381\" data-element_type=\"widget\" data-e-type=\"widget\" data-widget_type=\"heading.default\">\n\t\t\t\t<div class=\"elementor-widget-container\">\n\t\t\t\t\t<h2 class=\"elementor-heading-title elementor-size-default\">Maintenance v\u00e9hicules<\/h2>\t\t\t\t<\/div>\n\t\t\t\t<\/div>\n\t\t\t\t<section class=\"elementor-section elementor-inner-section elementor-element elementor-element-46b74d5 elementor-section-boxed elementor-section-height-default elementor-section-height-default\" data-id=\"46b74d5\" data-element_type=\"section\" data-e-type=\"section\">\n\t\t\t\t\t\t<div class=\"elementor-container elementor-column-gap-default\">\n\t\t\t\t\t<div class=\"elementor-column elementor-col-50 elementor-inner-column elementor-element elementor-element-111baeb\" data-id=\"111baeb\" data-element_type=\"column\" data-e-type=\"column\">\n\t\t\t<div class=\"elementor-widget-wrap elementor-element-populated\">\n\t\t\t\t\t\t<div class=\"elementor-element elementor-element-6b3a823 elementor-widget elementor-widget-text-editor\" data-id=\"6b3a823\" data-element_type=\"widget\" data-e-type=\"widget\" data-widget_type=\"text-editor.default\">\n\t\t\t\t<div class=\"elementor-widget-container\">\n\t\t\t\t\t\t\t\t\t<p>Plongez dans l&rsquo;univers de la maintenance v\u00e9hicules chez CIEPTAL CARS, o\u00f9 nos sites d&rsquo;Alger et Hassi-Messaoud sont bien plus que de simples lieux d&rsquo;entretien. Dot\u00e9s d&rsquo;ateliers m\u00e9canique, d&rsquo;\u00e9lectricit\u00e9 auto, de t\u00f4lerie et de vulcanisation. Nos professionnels qualifi\u00e9s, experts dans leurs domaines respectifs, orchestrent des op\u00e9rations de maintenance avec une pr\u00e9cision in\u00e9gal\u00e9e. Pour une r\u00e9activit\u00e9 sans \u00e9gale, nos \u00e9quipes volantes sont pr\u00eates \u00e0 intervenir n&rsquo;importe o\u00f9 sur le territoire national. Des camions de d\u00e9pannage assurent le rapatriement rapide des v\u00e9hicules vers nos ateliers en cas de besoin. Dans notre qu\u00eate d&rsquo;excellence, nous g\u00e9rons nos propres magasins de pi\u00e8ces de rechange, garantissant ainsi une disponibilit\u00e9 imm\u00e9diate. \u00c0 noter que notre service de maintenance s&rsquo;\u00e9tend \u00e9galement aux v\u00e9hicules tiers, conform\u00e9ment \u00e0 nos normes rigoureuses et celles des constructeurs. Chez CIEPTAL CARS, nous \u00e9levons l&rsquo;entretien des v\u00e9hicules \u00e0 un art, alliant qualit\u00e9, rapidit\u00e9 et fiabilit\u00e9.<\/p>\t\t\t\t\t\t\t\t<\/div>\n\t\t\t\t<\/div>\n\t\t\t\t\t<\/div>\n\t\t<\/div>\n\t\t\t\t<div class=\"elementor-column elementor-col-50 elementor-inner-column elementor-element elementor-element-5c9c621\" data-id=\"5c9c621\" data-element_type=\"column\" data-e-type=\"column\">\n\t\t\t<div class=\"elementor-widget-wrap elementor-element-populated\">\n\t\t\t\t\t\t<div class=\"elementor-element elementor-element-a671efd elementor-widget elementor-widget-image\" data-id=\"a671efd\" data-element_type=\"widget\" data-e-type=\"widget\" data-widget_type=\"image.default\">\n\t\t\t\t<div class=\"elementor-widget-container\">\n\t\t\t\t\t\t\t\t\t\t\t\t\t\t\t<img fetchpriority=\"high\" decoding=\"async\" width=\"800\" height=\"533\" src=\"https:\/\/www.cieptalcars.com\/wp-content\/uploads\/2021\/06\/mnt_alg.jpg\" class=\"attachment-large size-large wp-image-268\" alt=\"\" srcset=\"https:\/\/www.cieptalcars.com\/wp-content\/uploads\/2021\/06\/mnt_alg.jpg 800w, https:\/\/www.cieptalcars.com\/wp-content\/uploads\/2021\/06\/mnt_alg-300x200.jpg 300w, https:\/\/www.cieptalcars.com\/wp-content\/uploads\/2021\/06\/mnt_alg-768x512.jpg 768w, https:\/\/www.cieptalcars.com\/wp-content\/uploads\/2021\/06\/mnt_alg-230x153.jpg 230w, https:\/\/www.cieptalcars.com\/wp-content\/uploads\/2021\/06\/mnt_alg-350x233.jpg 350w, https:\/\/www.cieptalcars.com\/wp-content\/uploads\/2021\/06\/mnt_alg-480x320.jpg 480w\" sizes=\"(max-width: 800px) 100vw, 800px\" \/>\t\t\t\t\t\t\t\t\t\t\t\t\t\t\t<\/div>\n\t\t\t\t<\/div>\n\t\t\t\t\t<\/div>\n\t\t<\/div>\n\t\t\t\t\t<\/div>\n\t\t<\/section>\n\t\t\t\t\t<\/div>\n\t\t<\/div>\n\t\t\t\t\t<\/div>\n\t\t<\/section>\n\t\t\t\t<\/div>\n\t\t","protected":false},"excerpt":{"rendered":"<p>Maintenance v\u00e9hicules Plongez dans l&rsquo;univers de la maintenance v\u00e9hicules chez CIEPTAL CARS, o\u00f9 nos sites d&rsquo;Alger et Hassi-Messaoud sont bien plus que [&hellip;]<\/p>\n","protected":false},"author":1,"featured_media":0,"parent":0,"menu_order":0,"comment_status":"closed","ping_status":"closed","template":"page-templates\/page_front-page.php","meta":{"footnotes":""},"class_list":["post-24","page","type-page","status-publish","hentry"],"_links":{"self":[{"href":"https:\/\/www.cieptalcars.com\/index.php\/wp-json\/wp\/v2\/pages\/24","targetHints":{"allow":["GET"]}}],"collection":[{"href":"https:\/\/www.cieptalcars.com\/index.php\/wp-json\/wp\/v2\/pages"}],"about":[{"href":"https:\/\/www.cieptalcars.com\/index.php\/wp-json\/wp\/v2\/types\/page"}],"author":[{"embeddable":true,"href":"https:\/\/www.cieptalcars.com\/index.php\/wp-json\/wp\/v2\/users\/1"}],"replies":[{"embeddable":true,"href":"https:\/\/www.cieptalcars.com\/index.php\/wp-json\/wp\/v2\/comments?post=24"}],"version-history":[{"count":14,"href":"https:\/\/www.cieptalcars.com\/index.php\/wp-json\/wp\/v2\/pages\/24\/revisions"}],"predecessor-version":[{"id":544,"href":"https:\/\/www.cieptalcars.com\/index.php\/wp-json\/wp\/v2\/pages\/24\/revisions\/544"}],"wp:attachment":[{"href":"https:\/\/www.cieptalcars.com\/index.php\/wp-json\/wp\/v2\/media?parent=24"}],"curies":[{"name":"wp","href":"https:\/\/api.w.org\/{rel}","templated":true}]}}