{"id":22,"date":"2021-06-02T12:46:20","date_gmt":"2021-06-02T10:46:20","guid":{"rendered":"http:\/\/www.cieptalcars.com\/?page_id=22"},"modified":"2024-07-29T10:31:10","modified_gmt":"2024-07-29T08:31:10","slug":"mise-a-disposition-chauffeurs","status":"publish","type":"page","link":"https:\/\/www.cieptalcars.com\/index.php\/mise-a-disposition-chauffeurs\/","title":{"rendered":"Mise \u00e0 disposition chauffeurs"},"content":{"rendered":"\t\t<div data-elementor-type=\"wp-page\" data-elementor-id=\"22\" class=\"elementor elementor-22\">\n\t\t\t\t\t\t<section class=\"elementor-section elementor-top-section elementor-element elementor-element-dd0dc35 elementor-section-boxed elementor-section-height-default elementor-section-height-default\" data-id=\"dd0dc35\" data-element_type=\"section\" data-e-type=\"section\">\n\t\t\t\t\t\t<div class=\"elementor-container elementor-column-gap-default\">\n\t\t\t\t\t<div class=\"elementor-column elementor-col-100 elementor-top-column elementor-element elementor-element-1de65a5\" data-id=\"1de65a5\" data-element_type=\"column\" data-e-type=\"column\">\n\t\t\t<div class=\"elementor-widget-wrap elementor-element-populated\">\n\t\t\t\t\t\t<div class=\"elementor-element elementor-element-fe85747 elementor-widget elementor-widget-heading\" data-id=\"fe85747\" data-element_type=\"widget\" data-e-type=\"widget\" data-widget_type=\"heading.default\">\n\t\t\t\t<div class=\"elementor-widget-container\">\n\t\t\t\t\t<h2 class=\"elementor-heading-title elementor-size-default\">Location avec chauffeur<\/h2>\t\t\t\t<\/div>\n\t\t\t\t<\/div>\n\t\t\t\t<section class=\"elementor-section elementor-inner-section elementor-element elementor-element-a3fcd48 elementor-section-boxed elementor-section-height-default elementor-section-height-default\" data-id=\"a3fcd48\" data-element_type=\"section\" data-e-type=\"section\">\n\t\t\t\t\t\t<div class=\"elementor-container elementor-column-gap-default\">\n\t\t\t\t\t<div class=\"elementor-column elementor-col-50 elementor-inner-column elementor-element elementor-element-0f1e88a\" data-id=\"0f1e88a\" data-element_type=\"column\" data-e-type=\"column\">\n\t\t\t<div class=\"elementor-widget-wrap elementor-element-populated\">\n\t\t\t\t\t\t<div class=\"elementor-element elementor-element-e6c5a3e elementor-widget elementor-widget-text-editor\" data-id=\"e6c5a3e\" data-element_type=\"widget\" data-e-type=\"widget\" data-widget_type=\"text-editor.default\">\n\t\t\t\t<div class=\"elementor-widget-container\">\n\t\t\t\t\t\t\t\t\t<p>Chez CIEPTAL CARS, nos chauffeurs sont qualifi\u00e9s \u00e0 la conduite d\u00e9fensive, certifi\u00e9s par nos soins et par nos pr\u00e9c\u00e9dents clients et ayant pass\u00e9s de nombreux tests de conduite pour garantir une s\u00e9curit\u00e9 maximale, nous garantissons leur connaissance des routes \u00e0 l&rsquo;\u00e9chelle\u00a0nationale notamment celles du sud algerien et de la capitale alg\u00e9rienne .\u00a0Nous maintenons des programmes de sensibilisation sur les risques de la route, ainsi que sur les bonnes pratiques de conduite d\u00e9finies dans notre politique HSE (High Security Environment).<\/p>\t\t\t\t\t\t\t\t<\/div>\n\t\t\t\t<\/div>\n\t\t\t\t\t<\/div>\n\t\t<\/div>\n\t\t\t\t<div class=\"elementor-column elementor-col-50 elementor-inner-column elementor-element elementor-element-1cab436\" data-id=\"1cab436\" data-element_type=\"column\" data-e-type=\"column\">\n\t\t\t<div class=\"elementor-widget-wrap elementor-element-populated\">\n\t\t\t\t\t\t<div class=\"elementor-element elementor-element-a21b226 elementor-widget elementor-widget-image\" data-id=\"a21b226\" data-element_type=\"widget\" data-e-type=\"widget\" data-widget_type=\"image.default\">\n\t\t\t\t<div class=\"elementor-widget-container\">\n\t\t\t\t\t\t\t\t\t\t\t\t\t\t\t<img fetchpriority=\"high\" decoding=\"async\" width=\"400\" height=\"300\" src=\"https:\/\/www.cieptalcars.com\/wp-content\/uploads\/2021\/06\/drivers.jpg\" class=\"attachment-large size-large wp-image-84\" alt=\"\" srcset=\"https:\/\/www.cieptalcars.com\/wp-content\/uploads\/2021\/06\/drivers.jpg 400w, https:\/\/www.cieptalcars.com\/wp-content\/uploads\/2021\/06\/drivers-300x225.jpg 300w, https:\/\/www.cieptalcars.com\/wp-content\/uploads\/2021\/06\/drivers-230x173.jpg 230w, https:\/\/www.cieptalcars.com\/wp-content\/uploads\/2021\/06\/drivers-350x263.jpg 350w\" sizes=\"(max-width: 400px) 100vw, 400px\" \/>\t\t\t\t\t\t\t\t\t\t\t\t\t\t\t<\/div>\n\t\t\t\t<\/div>\n\t\t\t\t\t<\/div>\n\t\t<\/div>\n\t\t\t\t\t<\/div>\n\t\t<\/section>\n\t\t\t\t\t<\/div>\n\t\t<\/div>\n\t\t\t\t\t<\/div>\n\t\t<\/section>\n\t\t\t\t<\/div>\n\t\t","protected":false},"excerpt":{"rendered":"<p>Location avec chauffeur Chez CIEPTAL CARS, nos chauffeurs sont qualifi\u00e9s \u00e0 la conduite d\u00e9fensive, certifi\u00e9s par nos soins et par nos pr\u00e9c\u00e9dents [&hellip;]<\/p>\n","protected":false},"author":1,"featured_media":0,"parent":0,"menu_order":0,"comment_status":"closed","ping_status":"closed","template":"page-templates\/page_front-page.php","meta":{"footnotes":""},"class_list":["post-22","page","type-page","status-publish","hentry"],"_links":{"self":[{"href":"https:\/\/www.cieptalcars.com\/index.php\/wp-json\/wp\/v2\/pages\/22","targetHints":{"allow":["GET"]}}],"collection":[{"href":"https:\/\/www.cieptalcars.com\/index.php\/wp-json\/wp\/v2\/pages"}],"about":[{"href":"https:\/\/www.cieptalcars.com\/index.php\/wp-json\/wp\/v2\/types\/page"}],"author":[{"embeddable":true,"href":"https:\/\/www.cieptalcars.com\/index.php\/wp-json\/wp\/v2\/users\/1"}],"replies":[{"embeddable":true,"href":"https:\/\/www.cieptalcars.com\/index.php\/wp-json\/wp\/v2\/comments?post=22"}],"version-history":[{"count":20,"href":"https:\/\/www.cieptalcars.com\/index.php\/wp-json\/wp\/v2\/pages\/22\/revisions"}],"predecessor-version":[{"id":541,"href":"https:\/\/www.cieptalcars.com\/index.php\/wp-json\/wp\/v2\/pages\/22\/revisions\/541"}],"wp:attachment":[{"href":"https:\/\/www.cieptalcars.com\/index.php\/wp-json\/wp\/v2\/media?parent=22"}],"curies":[{"name":"wp","href":"https:\/\/api.w.org\/{rel}","templated":true}]}}